{"id":276,"date":"2023-05-11T08:58:18","date_gmt":"2023-05-11T06:58:18","guid":{"rendered":"https:\/\/pilloxa.com\/?page_id=276"},"modified":"2023-09-28T17:28:33","modified_gmt":"2023-09-28T15:28:33","slug":"startsida","status":"publish","type":"page","link":"https:\/\/pilloxa.com\/sv\/","title":{"rendered":"Startsida"},"content":{"rendered":"<div class=\"hero \">\n\n\t<div class=\"jumbo\" style=\"background-image: url('https:\/\/pilloxa.com\/wp-content\/uploads\/hero.jpg')\">\n\n\t\t<div class=\"text-container\">\n\n\t\t\t<div class=\"maintext\">\n\n\t\t\t\t\n\n<h2 class=\"wp-block-heading\">En plattform f\u00f6r att <\/h2>\n\n\n\n<h2 class=\"wp-block-heading\">engagera dina patienter<\/h2>\n\n\n\n<h4 class=\"wp-block-heading\">&#8211; och l\u00e4ra av dem<\/h4>\n\n\n\t\t\t<\/div>\n\n\t\t<\/div>\n\n\t<\/div>\n\n<\/div>\n\n\n\n<div class=\"wp-block-media-text alignfull has-media-on-the-right is-stacked-on-mobile gb-slate-section-media-and-text gb-slate-section-media-text inner boxed pt120 pb120 has-background\" style=\"background-color:#ffffff;grid-template-columns:auto 40%\"><div class=\"wp-block-media-text__content\">\n<div style=\"height:20px\" aria-hidden=\"true\" class=\"wp-block-spacer\"><\/div>\n\n\n\n<h2 class=\"wp-block-heading has-text-color\" style=\"color:#1f1f1f\">Engagera och st\u00e4rk dina patienter i din egen varum\u00e4rkta app<\/h2>\n\n\n\n<ul class=\"symbol wp-block-list\">\n<li>St\u00f6d och motivera dina patienter vid varje steg p\u00e5 deras behandlingsresa.<\/li>\n\n\n\n<li>Skapa differentiering i ditt erbjudande och uppn\u00e5 maximal behandlingspotential genom att l\u00e4gga till en digital komponent.<\/li>\n\n\n\n<li>F\u00f6rb\u00e4ttra ditt program med realtidsinsikter fr\u00e5n dina patienter.<\/li>\n<\/ul>\n<\/div><figure class=\"wp-block-media-text__media\"><img loading=\"lazy\" decoding=\"async\" width=\"1024\" height=\"983\" src=\"https:\/\/pilloxa.com\/wp-content\/uploads\/Pilloxa_hemsida-1024x983.png\" alt=\"\" class=\"wp-image-432 size-large\" srcset=\"https:\/\/pilloxa.com\/wp-content\/uploads\/Pilloxa_hemsida-1024x983.png 1024w, https:\/\/pilloxa.com\/wp-content\/uploads\/Pilloxa_hemsida-300x288.png 300w, https:\/\/pilloxa.com\/wp-content\/uploads\/Pilloxa_hemsida-768x737.png 768w, https:\/\/pilloxa.com\/wp-content\/uploads\/Pilloxa_hemsida-1536x1474.png 1536w, https:\/\/pilloxa.com\/wp-content\/uploads\/Pilloxa_hemsida-2048x1966.png 2048w\" sizes=\"auto, (max-width: 1024px) 100vw, 1024px\" \/><\/figure><\/div>\n\n\n\n<div style=\"background-color:#51989c\" class=\"wp-block-genesis-blocks-gb-container section shade gb-block-container\"><div class=\"gb-container-inside\"><div class=\"gb-container-content\">\n<h2 class=\"wp-block-heading has-text-align-center has-white-color has-text-color\">Varf\u00f6r v\u00e4lja oss?<\/h2>\n\n\n\n<div class=\"wp-block-columns inner is-layout-flex wp-container-core-columns-is-layout-9d6595d7 wp-block-columns-is-layout-flex\">\n<div class=\"wp-block-column white box is-layout-flow wp-block-column-is-layout-flow\"><div class=\"wp-block-image\">\n<figure class=\"aligncenter size-full\"><img loading=\"lazy\" decoding=\"async\" width=\"150\" height=\"150\" src=\"https:\/\/pilloxa.com\/wp-content\/uploads\/icon1-1.png\" alt=\"\" class=\"wp-image-345\"\/><\/figure>\n<\/div>\n\n\n<h3 class=\"wp-block-heading has-text-align-center\">Enkelt och snabbt<\/h3>\n\n\n\n<p class=\"has-text-align-center\">Standardiserad fast pris\u00e4ttning. Betala f\u00f6r det du anv\u00e4nder, inga dolda kostnader.<\/p>\n\n\n\n<p class=\"has-text-align-center\">Snabb start med standardiserad och transparent laglig och reglerande dokumentation.<\/p>\n<\/div>\n\n\n\n<div class=\"wp-block-column white box is-layout-flow wp-block-column-is-layout-flow\"><div class=\"wp-block-image\">\n<figure class=\"aligncenter size-full\"><img loading=\"lazy\" decoding=\"async\" width=\"150\" height=\"150\" src=\"https:\/\/pilloxa.com\/wp-content\/uploads\/icon2-1.png\" alt=\"\" class=\"wp-image-347\"\/><\/figure>\n<\/div>\n\n\n<h3 class=\"wp-block-heading has-text-align-center\">Patienten i fokus<\/h3>\n\n\n\n<p class=\"has-text-align-center\">Vi g\u00f6r inga kompromisser n\u00e4r det g\u00e4ller patientv\u00e4rde \u2013 all funktionalitet f\u00f6r patienter \u00e4r alltid inkluderad.<\/p>\n\n\n\n<p class=\"has-text-align-center\">Tidig frisl\u00e4ppning av nya funktioner l\u00e4gger dagligen till v\u00e4rde f\u00f6r patienter och kunder.<\/p>\n<\/div>\n\n\n\n<div class=\"wp-block-column white box is-layout-flow wp-block-column-is-layout-flow\"><div class=\"wp-block-image\">\n<figure class=\"aligncenter size-full\"><img loading=\"lazy\" decoding=\"async\" width=\"150\" height=\"150\" src=\"https:\/\/pilloxa.com\/wp-content\/uploads\/icon3-1.png\" alt=\"\" class=\"wp-image-349\"\/><\/figure>\n<\/div>\n\n\n<h3 class=\"wp-block-heading has-text-align-center\">Snabba p\u00e5 inl\u00e4rningen<\/h3>\n\n\n\n<p class=\"has-text-align-center\">Bygg, m\u00e4t och l\u00e4r direkt i v\u00e5r webbgr\u00e4nssnitt. Iterera s\u00e5 ofta du vill och bli en toppexpert inom ditt omr\u00e5de.<\/p>\n<\/div>\n<\/div>\n<\/div><\/div><\/div>\n\n\n\n<div class=\"wp-block-genesis-blocks-gb-container section gb-block-container\"><div class=\"gb-container-inside\"><div class=\"gb-container-content\">\n<h2 class=\"wp-block-heading has-text-align-center\">N\u00e5gra av v\u00e5ra partners<\/h2>\n\n\n\n<div class=\"wp-block-columns inner is-layout-flex wp-container-core-columns-is-layout-9d6595d7 wp-block-columns-is-layout-flex\">\n<div class=\"wp-block-column is-layout-flow wp-block-column-is-layout-flow\">\n<figure class=\"wp-block-image size-full\"><img loading=\"lazy\" decoding=\"async\" width=\"244\" height=\"244\" src=\"https:\/\/pilloxa.com\/wp-content\/uploads\/bayer.png\" alt=\"\" class=\"wp-image-31\" srcset=\"https:\/\/pilloxa.com\/wp-content\/uploads\/bayer.png 244w, https:\/\/pilloxa.com\/wp-content\/uploads\/bayer-150x150.png 150w\" sizes=\"auto, (max-width: 244px) 100vw, 244px\" \/><\/figure>\n<\/div>\n\n\n\n<div class=\"wp-block-column is-layout-flow wp-block-column-is-layout-flow\">\n<figure class=\"wp-block-image size-full\"><img loading=\"lazy\" decoding=\"async\" width=\"300\" height=\"300\" src=\"https:\/\/pilloxa.com\/wp-content\/uploads\/ki.png\" alt=\"\" class=\"wp-image-32\" srcset=\"https:\/\/pilloxa.com\/wp-content\/uploads\/ki.png 300w, https:\/\/pilloxa.com\/wp-content\/uploads\/ki-150x150.png 150w\" sizes=\"auto, (max-width: 300px) 100vw, 300px\" \/><\/figure>\n<\/div>\n\n\n\n<div class=\"wp-block-column is-layout-flow wp-block-column-is-layout-flow\">\n<figure class=\"wp-block-image size-full\"><img loading=\"lazy\" decoding=\"async\" width=\"300\" height=\"300\" src=\"https:\/\/pilloxa.com\/wp-content\/uploads\/uoo.png\" alt=\"\" class=\"wp-image-33\" srcset=\"https:\/\/pilloxa.com\/wp-content\/uploads\/uoo.png 300w, https:\/\/pilloxa.com\/wp-content\/uploads\/uoo-150x150.png 150w\" sizes=\"auto, (max-width: 300px) 100vw, 300px\" \/><\/figure>\n<\/div>\n\n\n\n<div class=\"wp-block-column is-layout-flow wp-block-column-is-layout-flow\">\n<figure class=\"wp-block-image size-full\"><img loading=\"lazy\" decoding=\"async\" width=\"272\" height=\"272\" src=\"https:\/\/pilloxa.com\/wp-content\/uploads\/chiesi.png\" alt=\"\" class=\"wp-image-34\" srcset=\"https:\/\/pilloxa.com\/wp-content\/uploads\/chiesi.png 272w, https:\/\/pilloxa.com\/wp-content\/uploads\/chiesi-150x150.png 150w\" sizes=\"auto, (max-width: 272px) 100vw, 272px\" \/><\/figure>\n<\/div>\n<\/div>\n<\/div><\/div><\/div>\n\n\n\n<div style=\"background-color:#51989c;text-align:center\" class=\"wp-block-genesis-blocks-gb-cta blue gb-block-cta\"><div class=\"gb-cta-content\"><h2 class=\"gb-cta-title gb-font-size-32\" style=\"color:#32373c\">Vilka \u00e4r behoven hos din unika patientgrupp?<\/h2><div class=\"gb-cta-text gb-font-size-32\" style=\"color:#32373c\"><\/div><\/div><div class=\"gb-cta-button\"><a href=\"https:\/\/pilloxa.com\/sv\/boka-en-demo\/\" target=\"_self\" rel=\"noopener noreferrer\" class=\"gb-button gb-button-shape-rounded gb-button-size-medium\" style=\"color:#000000;background-color:#ffffff\">Boka en demo<\/a><\/div><\/div>\n\n\n\n<div class=\"wp-block-genesis-blocks-gb-container section pb0 boxblock gb-block-container\"><div class=\"gb-container-inside\"><div class=\"gb-container-content\">\n<div class=\"wp-block-columns is-layout-flex wp-container-core-columns-is-layout-9d6595d7 wp-block-columns-is-layout-flex\">\n<div class=\"wp-block-column inner is-layout-flow wp-block-column-is-layout-flow\">\n<h3 class=\"wp-block-heading\">Lyssna p\u00e5 vad v\u00e5ra kunder har att s\u00e4ga<\/h3>\n\n\n\n<p>VD f\u00f6r Bayer Sverige, Tomer Feffer, om varf\u00f6r Bayer samarbetar med Pilloxa f\u00f6r att st\u00f6dja patientengagemang och efterlevnad.<\/p>\n\n\n\n<div class=\"wp-block-genesis-blocks-gb-button gb-block-button\"><a href=\"https:\/\/pilloxa.com\/sv\/solutions\/\" class=\"gb-button gb-button-shape-rounded gb-button-size-medium\" style=\"color:#ffffff;background-color:#51989c\">Utforska v\u00e5r l\u00f6sning<\/a><\/div>\n<\/div>\n\n\n\n<div class=\"wp-block-column is-layout-flow wp-block-column-is-layout-flow\">\n<figure class=\"wp-block-embed is-type-video is-provider-vimeo wp-block-embed-vimeo wp-embed-aspect-16-9 wp-has-aspect-ratio\"><div class=\"wp-block-embed__wrapper\">\n<iframe loading=\"lazy\" title=\"why_bayer_is_working_with_pilloxa (1080p)\" src=\"https:\/\/player.vimeo.com\/video\/853613920?dnt=1&amp;app_id=122963\" width=\"640\" height=\"360\" frameborder=\"0\" allow=\"autoplay; fullscreen; picture-in-picture; clipboard-write\"><\/iframe>\n<\/div><\/figure>\n<\/div>\n<\/div>\n<\/div><\/div><\/div>\n\n\n\n<div class=\"wp-block-genesis-blocks-gb-container section pt50 boxblock gb-block-container\"><div class=\"gb-container-inside\"><div class=\"gb-container-content\">\n<div class=\"wp-block-columns is-layout-flex wp-container-core-columns-is-layout-9d6595d7 wp-block-columns-is-layout-flex\">\n<div class=\"wp-block-column is-layout-flow wp-block-column-is-layout-flow\">\n<figure class=\"wp-block-embed is-type-video is-provider-vimeo wp-block-embed-vimeo wp-embed-aspect-16-9 wp-has-aspect-ratio\"><div class=\"wp-block-embed__wrapper\">\n<iframe loading=\"lazy\" title=\"how_pilloxa_supports_ct_and_psp_patients_in_their_daily_lives (1080p)\" src=\"https:\/\/player.vimeo.com\/video\/853613434?dnt=1&amp;app_id=122963\" width=\"640\" height=\"360\" frameborder=\"0\" allow=\"autoplay; fullscreen; picture-in-picture; clipboard-write\"><\/iframe>\n<\/div><\/figure>\n<\/div>\n\n\n\n<div class=\"wp-block-column inner is-layout-flow wp-block-column-is-layout-flow\">\n<h3 class=\"wp-block-heading\">Hur patienter anv\u00e4nder Pilloxa i vardagen<\/h3>\n\n\n\n<p>Patienterna Emma och Richard visar oss en dag i deras liv d\u00e4r de anv\u00e4nder Pilloxa f\u00f6r att h\u00e5lla koll p\u00e5 sin medicinering \u00e4ven n\u00e4r de \u00e4r p\u00e5 spr\u00e5ng.<\/p>\n\n\n\n<div class=\"wp-block-genesis-blocks-gb-button gb-block-button\"><a href=\"https:\/\/pilloxa.com\/sv\/boka-en-demo\/\" class=\"gb-button gb-button-shape-rounded gb-button-size-medium\" style=\"color:#ffffff;background-color:#51989c\">Boka en demo<\/a><\/div>\n<\/div>\n<\/div>\n<\/div><\/div><\/div>\n\n\n<div id=\"contactform\" class=\"contactform section shade narrow\">\n\n\t<div class=\"inner\">\n\n\t\t\t\t\t<h2>Kontakta oss<\/h2>\n\t\t\n\t\t<div class=\"text\">\n\n<p class=\"has-text-align-center\">Utforska potentialen i v\u00e5r l\u00f6sning. Optimera resultat och f\u00e5 insikter. Fyll i formul\u00e4ret f\u00f6r att l\u00e4ra dig mer!<\/p>\n\n<\/div>\n\n\t\t\n<div class=\"wpcf7 no-js\" id=\"wpcf7-f322-o1\" lang=\"en-US\" dir=\"ltr\" data-wpcf7-id=\"322\">\n<div class=\"screen-reader-response\"><p role=\"status\" aria-live=\"polite\" aria-atomic=\"true\"><\/p> <ul><\/ul><\/div>\n<form action=\"\/sv\/wp-json\/wp\/v2\/pages\/276#wpcf7-f322-o1\" method=\"post\" class=\"wpcf7-form init\" aria-label=\"Contact form\" novalidate=\"novalidate\" data-status=\"init\">\n<fieldset class=\"hidden-fields-container\"><input type=\"hidden\" name=\"_wpcf7\" value=\"322\" \/><input type=\"hidden\" name=\"_wpcf7_version\" value=\"6.1.5\" \/><input type=\"hidden\" name=\"_wpcf7_locale\" value=\"en_US\" \/><input type=\"hidden\" name=\"_wpcf7_unit_tag\" value=\"wpcf7-f322-o1\" \/><input type=\"hidden\" name=\"_wpcf7_container_post\" value=\"0\" \/><input type=\"hidden\" name=\"_wpcf7_posted_data_hash\" value=\"\" \/><input type=\"hidden\" name=\"_wpcf7_recaptcha_response\" value=\"\" \/>\n<\/fieldset>\n<div class=\"row\">\n\t<div class=\"col-md-6\">\n\t\t<p><span class=\"wpcf7-form-control-wrap\" data-name=\"cname\"><input size=\"40\" maxlength=\"400\" class=\"wpcf7-form-control wpcf7-text wpcf7-validates-as-required\" autocomplete=\"name\" aria-required=\"true\" aria-invalid=\"false\" placeholder=\"Namn\" value=\"\" type=\"text\" name=\"cname\" \/><\/span>\n\t\t<\/p>\n\t<\/div>\n\t<div class=\"col-md-6\">\n\t\t<p><span class=\"wpcf7-form-control-wrap\" data-name=\"company\"><input size=\"40\" maxlength=\"400\" class=\"wpcf7-form-control wpcf7-text\" aria-invalid=\"false\" placeholder=\"F\u00f6retag\" value=\"\" type=\"text\" name=\"company\" \/><\/span>\n\t\t<\/p>\n\t<\/div>\n\t<div class=\"col-md-6\">\n\t\t<p><span class=\"wpcf7-form-control-wrap\" data-name=\"phone\"><input size=\"40\" maxlength=\"400\" class=\"wpcf7-form-control wpcf7-text\" aria-invalid=\"false\" placeholder=\"Telefon\" value=\"\" type=\"text\" name=\"phone\" \/><\/span>\n\t\t<\/p>\n\t<\/div>\n\t<div class=\"col-md-6\">\n\t\t<p><span class=\"wpcf7-form-control-wrap\" data-name=\"email\"><input size=\"40\" maxlength=\"400\" class=\"wpcf7-form-control wpcf7-email wpcf7-validates-as-required wpcf7-text wpcf7-validates-as-email\" autocomplete=\"email\" aria-required=\"true\" aria-invalid=\"false\" placeholder=\"E-post\" value=\"\" type=\"email\" name=\"email\" \/><\/span>\n\t\t<\/p>\n\t<\/div>\n\t<div class=\"col-md-12\">\n\t\t<p><span class=\"wpcf7-form-control-wrap\" data-name=\"message\"><textarea cols=\"40\" rows=\"10\" maxlength=\"2000\" class=\"wpcf7-form-control wpcf7-textarea\" aria-invalid=\"false\" placeholder=\"Meddelande\" name=\"message\"><\/textarea><\/span>\n\t\t<\/p>\n\t<\/div>\n<\/div>\n<div class=\"center\">\n\t<p><input class=\"wpcf7-form-control wpcf7-submit has-spinner\" type=\"submit\" value=\"Skicka\" \/>\n\t<\/p>\n<\/div><div class=\"wpcf7-response-output\" aria-hidden=\"true\"><\/div>\n<\/form>\n<\/div>\n\n\t<\/div>\n\n<\/div>\n","protected":false},"excerpt":{"rendered":"","protected":false},"author":1,"featured_media":0,"parent":0,"menu_order":0,"comment_status":"closed","ping_status":"closed","template":"","meta":{"inline_featured_image":false,"footnotes":""},"class_list":["post-276","page","type-page","status-publish","hentry"],"featured_image_src":null,"featured_image_src_square":null,"_links":{"self":[{"href":"https:\/\/pilloxa.com\/sv\/wp-json\/wp\/v2\/pages\/276","targetHints":{"allow":["GET"]}}],"collection":[{"href":"https:\/\/pilloxa.com\/sv\/wp-json\/wp\/v2\/pages"}],"about":[{"href":"https:\/\/pilloxa.com\/sv\/wp-json\/wp\/v2\/types\/page"}],"author":[{"embeddable":true,"href":"https:\/\/pilloxa.com\/sv\/wp-json\/wp\/v2\/users\/1"}],"replies":[{"embeddable":true,"href":"https:\/\/pilloxa.com\/sv\/wp-json\/wp\/v2\/comments?post=276"}],"version-history":[{"count":15,"href":"https:\/\/pilloxa.com\/sv\/wp-json\/wp\/v2\/pages\/276\/revisions"}],"predecessor-version":[{"id":463,"href":"https:\/\/pilloxa.com\/sv\/wp-json\/wp\/v2\/pages\/276\/revisions\/463"}],"wp:attachment":[{"href":"https:\/\/pilloxa.com\/sv\/wp-json\/wp\/v2\/media?parent=276"}],"curies":[{"name":"wp","href":"https:\/\/api.w.org\/{rel}","templated":true}]}}