{"id":284,"date":"2023-05-11T13:42:16","date_gmt":"2023-05-11T11:42:16","guid":{"rendered":"https:\/\/pilloxa.com\/?page_id=284"},"modified":"2023-09-28T17:00:35","modified_gmt":"2023-09-28T15:00:35","slug":"solutions","status":"publish","type":"page","link":"https:\/\/pilloxa.com\/sv\/solutions\/","title":{"rendered":"L\u00f6sningar"},"content":{"rendered":"<div class=\"hero \">\n\n\t<div class=\"jumbo\" style=\"background-image: url('https:\/\/pilloxa.com\/wp-content\/uploads\/img-header1-1.jpg')\">\n\n\t\t<div class=\"text-container\">\n\n\t\t\t<div class=\"maintext\">\n\n\t\t\t\t\n\n<h2 class=\"wp-block-heading\">Engagera och st\u00e4rk <\/h2>\n\n\n\n<h2 class=\"wp-block-heading\">dina patienter digitalt<\/h2>\n\n\n\t\t\t<\/div>\n\n\t\t<\/div>\n\n\t<\/div>\n\n<\/div>\n\n\n\n<div class=\"wp-block-media-text alignfull has-media-on-the-right is-stacked-on-mobile gb-slate-section-media-and-text gb-slate-section-media-text mt70 textpad50 swapimage has-background\" style=\"background-color:#ffffff;grid-template-columns:auto 60%\"><div class=\"wp-block-media-text__content\">\n<div style=\"height:20px\" aria-hidden=\"true\" class=\"wp-block-spacer\"><\/div>\n\n\n\n<h2 class=\"wp-block-heading has-text-color\" style=\"color:#1f1f1f\">Hur fungerar det?<\/h2>\n\n\n\n<p>P\u00e5 v\u00e5r plattform kan du skapa ditt eget varum\u00e4rkta app-program inom n\u00e5gra veckor. V\u00e4lj moduler, inst\u00e4llningar och inneh\u00e5ll \u2013 och sl\u00e4pp sedan det till dina patienter. Det \u00e4r tillg\u00e4ngligt f\u00f6r alla smartphone-anv\u00e4ndare.<\/p>\n\n\n\n<h3 class=\"wp-block-heading\">Patienterna f\u00e5r tillg\u00e5ng<\/h3>\n\n\n\n<p>Inom n\u00e5gra veckor \u00e4r din app redo! Dina patienter f\u00e5r en kod f\u00f6r ditt unika program och upplevelse. D\u00e4refter beh\u00f6ver de ladda ner appen och g\u00e5 igenom en enkel introduktionshandledning.<\/p>\n\n\n\n<h3 class=\"wp-block-heading\">F\u00f6lj din framsteg<\/h3>\n\n\n\n<p>F\u00f6lj prestandan f\u00f6r ditt program och hur anv\u00e4ndarna interagerar med ditt inneh\u00e5ll genom v\u00e5rt online-dashboard. L\u00e4r av insikterna, f\u00f6rb\u00e4ttra ditt program och fatta beslut baserat p\u00e5 data.<\/p>\n<\/div><figure class=\"wp-block-media-text__media\"><img loading=\"lazy\" decoding=\"async\" width=\"1024\" height=\"752\" src=\"https:\/\/pilloxa.com\/wp-content\/uploads\/The-process_SV-1024x752.png\" alt=\"\" class=\"wp-image-437 size-full\" srcset=\"https:\/\/pilloxa.com\/wp-content\/uploads\/The-process_SV-1024x752.png 1024w, https:\/\/pilloxa.com\/wp-content\/uploads\/The-process_SV-300x220.png 300w, https:\/\/pilloxa.com\/wp-content\/uploads\/The-process_SV-768x564.png 768w, https:\/\/pilloxa.com\/wp-content\/uploads\/The-process_SV-1536x1128.png 1536w, https:\/\/pilloxa.com\/wp-content\/uploads\/The-process_SV-2048x1504.png 2048w\" sizes=\"auto, (max-width: 1024px) 100vw, 1024px\" \/><\/figure><\/div>\n\n\n\n<div class=\"wp-block-genesis-blocks-gb-container section shade full gb-block-container\"><div class=\"gb-container-inside\"><div class=\"gb-container-content\">\n<h2 class=\"wp-block-heading has-text-align-center\">Varf\u00f6r v\u00e4lja oss?<\/h2>\n\n\n\n<div class=\"wp-block-columns inner is-layout-flex wp-container-core-columns-is-layout-9d6595d7 wp-block-columns-is-layout-flex\">\n<div class=\"wp-block-column white box is-layout-flow wp-block-column-is-layout-flow\"><div class=\"wp-block-image\">\n<figure class=\"aligncenter size-full\"><img loading=\"lazy\" decoding=\"async\" width=\"150\" height=\"150\" src=\"https:\/\/pilloxa.com\/wp-content\/uploads\/icon1-1.png\" alt=\"\" class=\"wp-image-345\"\/><\/figure>\n<\/div>\n\n\n<h3 class=\"wp-block-heading has-text-align-center\">Enkelt och snabbt<\/h3>\n\n\n\n<p class=\"has-text-align-center\">Standardiserad fast pris\u00e4ttning. Betala f\u00f6r det du anv\u00e4nder, inga dolda kostnader.<\/p>\n\n\n\n<p class=\"has-text-align-center\">Snabb start med standardiserad och transparent laglig och reglerande dokumentation.<\/p>\n<\/div>\n\n\n\n<div class=\"wp-block-column white box is-layout-flow wp-block-column-is-layout-flow\"><div class=\"wp-block-image\">\n<figure class=\"aligncenter size-full\"><img loading=\"lazy\" decoding=\"async\" width=\"150\" height=\"150\" src=\"https:\/\/pilloxa.com\/wp-content\/uploads\/icon2-1.png\" alt=\"\" class=\"wp-image-347\"\/><\/figure>\n<\/div>\n\n\n<h3 class=\"wp-block-heading has-text-align-center\">Patienten i fokus<\/h3>\n\n\n\n<p class=\"has-text-align-center\">Vi g\u00f6r inga kompromisser n\u00e4r det g\u00e4ller patientv\u00e4rde \u2013 all funktionalitet f\u00f6r patienter \u00e4r alltid inkluderad.<\/p>\n\n\n\n<p class=\"has-text-align-center\">Tidig frisl\u00e4ppning av nya funktioner l\u00e4gger dagligen till v\u00e4rde f\u00f6r patienter och kunder.<\/p>\n<\/div>\n\n\n\n<div class=\"wp-block-column white box is-layout-flow wp-block-column-is-layout-flow\"><div class=\"wp-block-image\">\n<figure class=\"aligncenter size-full\"><img loading=\"lazy\" decoding=\"async\" width=\"150\" height=\"150\" src=\"https:\/\/pilloxa.com\/wp-content\/uploads\/icon3-1.png\" alt=\"\" class=\"wp-image-349\"\/><\/figure>\n<\/div>\n\n\n<h3 class=\"wp-block-heading has-text-align-center\">Snabba p\u00e5 inl\u00e4rningen<\/h3>\n\n\n\n<p class=\"has-text-align-center\">Bygg, m\u00e4t och l\u00e4r direkt i v\u00e5r webbgr\u00e4nssnitt. Iterera s\u00e5 ofta du vill och bli en toppexpert inom ditt omr\u00e5de.<\/p>\n<\/div>\n<\/div>\n<\/div><\/div><\/div>\n\n\n<div class=\"boxsection pt0\">\n\n\t<div class=\"inner\">\n\n\t\t<div class=\"row\">\n\n\t\t\t<div class=\"content col-lg-6 col-md-12 order-2 order-lg-1 right\">\n\n\t\t\t\t\t\t\t\t\t<h2>Anv\u00e4ndarorienterad mobilapp<\/h2>\n\t\t\t\t\n\t\t\t\t<div class=\"text\">\n\n<p>St\u00f6d dina anv\u00e4ndare vid varje steg p\u00e5 deras behandlingsresa med ditt skr\u00e4ddarsydda app-program.<\/p>\n\n\n\n<p>Planera och logga m\u00f6ten, uppgifter och tr\u00e4ningar. Tillhandah\u00e5ll artiklar och videor vid behov och l\u00e5t anv\u00e4ndarna \u00e5terv\u00e4nda till informationen n\u00e4r som helst. St\u00f6d efterlevnad av behandling med p\u00e5minnelser, korrekt l\u00e4kemedelsinformation och motivationsverktyg.<\/p>\n\n<\/div>\n\n\t\t\t\t\n\t\t\t<\/div>\n\n\t\t\t<div class=\"mediaholder col-lg-6 col-md-12 order-1 order-lg-2 right\">\n\n\t\t\t\t<div class=\"imageholder\">\n\n\t\t\t\t\t<img decoding=\"async\" src=\"https:\/\/pilloxa.com\/wp-content\/uploads\/Pilloxa_hemsida.png\" \/>\n\n\t\t\t\t<\/div>\n\n\t\t\t<\/div>\n\n\t\t<\/div>\n\n\t<\/div>\n\n<\/div>\n\n\n<div class=\"boxsection imagedrop\">\n\n\t<div class=\"inner\">\n\n\t\t<div class=\"row\">\n\n\t\t\t<div class=\"content col-lg-6 col-md-12 order-2 order-lg-2 left\">\n\n\t\t\t\t\t\t\t\t\t<h2>Webbgr\u00e4nssnitt f\u00f6r programhantering<\/h2>\n\t\t\t\t\n\t\t\t\t<div class=\"text\">\n\n<p>Analysera de tillg\u00e4ngliga programdata i realtid. M\u00e4t engagemang och beh\u00e5llning. Definiera dina KPI:er och bed\u00f6m framsteg. Identifiera och experimentera med olika v\u00e4rdef\u00f6rslag.<\/p>\n\n<\/div>\n\n\t\t\t\t\n\t\t\t<\/div>\n\n\t\t\t<div class=\"mediaholder col-lg-6 col-md-12 order-1 order-lg-1 left\">\n\n\t\t\t\t<div class=\"imageholder\">\n\n\t\t\t\t\t<img decoding=\"async\" src=\"https:\/\/pilloxa.com\/wp-content\/uploads\/web-interface.png\" \/>\n\n\t\t\t\t<\/div>\n\n\t\t\t<\/div>\n\n\t\t<\/div>\n\n\t<\/div>\n\n<\/div>\n\n\n<div class=\"boxsection \">\n\n\t<div class=\"inner\">\n\n\t\t<div class=\"row\">\n\n\t\t\t<div class=\"content col-lg-6 col-md-12 order-2 order-lg-1 right\">\n\n\t\t\t\t\t\t\t\t\t<h2>Till\u00e4gg av smart h\u00e5rdvara<\/h2>\n\t\t\t\t\n\t\t\t\t<div class=\"text\">\n\n<p>Smart-enheter kan anslutas till ett program n\u00e4r de ger merv\u00e4rde. F\u00f6r att st\u00f6dja l\u00e4kemedelsefterlevnad kan v\u00e5r egen smarta pillerask, Pilloxa One, anslutas. Detta m\u00f6jligg\u00f6r smarta p\u00e5minnelser genom att sp\u00e5ra n\u00e4r doser tas eller missas.<\/p>\n\n<\/div>\n\n\t\t\t\t\n\t\t\t<\/div>\n\n\t\t\t<div class=\"mediaholder col-lg-6 col-md-12 order-1 order-lg-2 right\">\n\n\t\t\t\t<div class=\"imageholder\">\n\n\t\t\t\t\t<img decoding=\"async\" src=\"https:\/\/pilloxa.com\/wp-content\/uploads\/Pilloxa-render-4-pill-and-led.png\" \/>\n\n\t\t\t\t<\/div>\n\n\t\t\t<\/div>\n\n\t\t<\/div>\n\n\t<\/div>\n\n<\/div>\n\n\n<div class=\"boxsection \">\n\n\t<div class=\"inner\">\n\n\t\t<div class=\"row\">\n\n\t\t\t<div class=\"content col-lg-6 col-md-12 order-2 order-lg-2 left\">\n\n\t\t\t\t\t\t\t\t\t<h2>Kontinuerligt l\u00e4gga till mer v\u00e4rde<\/h2>\n\t\t\t\t\n\t\t\t\t<div class=\"text\">\n\n<p>Utforska v\u00e5r v\u00e4gkarta \u00f6ver kommande funktioner f\u00f6r ditt patientengagemangsprogram (h\u00f6r av dig f\u00f6r att l\u00e4ra dig mer). Integrera dem i din applikation med n\u00e5gra klick. L\u00e4gg till v\u00e4rde f\u00f6r dina anv\u00e4ndare utan extra kostnad.<\/p>\n\n<\/div>\n\n\t\t\t\t\n\t\t\t<\/div>\n\n\t\t\t<div class=\"mediaholder col-lg-6 col-md-12 order-1 order-lg-1 left\">\n\n\t\t\t\t<div class=\"imageholder\">\n\n\t\t\t\t\t<img decoding=\"async\" src=\"https:\/\/pilloxa.com\/wp-content\/uploads\/value.png\" \/>\n\n\t\t\t\t<\/div>\n\n\t\t\t<\/div>\n\n\t\t<\/div>\n\n\t<\/div>\n\n<\/div>\n\n\n<div class=\"section pb0\">\n\n\t<div class=\"inner\">\n\n\t\t\n\n<h2 class=\"wp-block-heading has-text-align-center\">FAQ<\/h2>\n\n\n\t<\/div>\n\n<\/div>\n\n\n\n<div class=\"wp-block-genesis-blocks-gb-accordion gb-block-accordion\"><details><summary class=\"gb-accordion-title\">Vilka spr\u00e5k finns tillg\u00e4ngliga?<\/summary><div class=\"gb-accordion-text\">\n<p>Vi st\u00f6djer engelska, tyska, svenska, danska och norska. Vi l\u00e4gger st\u00e4ndigt till nya spr\u00e5k. Kontakta oss f\u00f6r att ta en titt p\u00e5 v\u00e5r v\u00e4gkarta.<\/p>\n<\/div><\/details><\/div>\n\n\n\n<div class=\"wp-block-genesis-blocks-gb-accordion gb-block-accordion\"><details><summary class=\"gb-accordion-title\">\u00c4r pillerasken inkluderad?<\/summary><div class=\"gb-accordion-text\">\n<p>Pilloxa One, v\u00e5r smarta pillerask, kan inkluderas som tillval i varje program.<\/p>\n<\/div><\/details><\/div>\n\n\n\n<div class=\"wp-block-genesis-blocks-gb-accordion gb-block-accordion\"><details><summary class=\"gb-accordion-title\">Kan jag ut\u00f6ka programmet till fler l\u00e4nder om jag vill?<\/summary><div class=\"gb-accordion-text\">\n<p>Ja, sj\u00e4lvklart! Om du vill ut\u00f6ka ditt program till att inkludera fler l\u00e4nder, kontakta oss f\u00f6r att l\u00e4gga till det i ditt paket och du \u00e4r redo att inkludera \u00e4nnu fler patienter!<\/p>\n<\/div><\/details><\/div>\n\n\n\n<div class=\"wp-block-genesis-blocks-gb-accordion gb-block-accordion\"><details><summary class=\"gb-accordion-title\">Vilka r\u00e4ttigheter har anv\u00e4ndaren till sina data?<\/summary><div class=\"gb-accordion-text\">\n<p>Anv\u00e4ndaren har alltid r\u00e4tt att f\u00e5 tillg\u00e5ng till, r\u00e4tta och radera sina data. Pilloxa f\u00f6ljer GDPR och hanterar personlig information enligt h\u00f6gsta s\u00e4kerhetsstandard, bland annat genom anv\u00e4ndning av pseudonymisering och kryptering.<\/p>\n<\/div><\/details><\/div>\n\n\n\n<div class=\"wp-block-genesis-blocks-gb-accordion gb-block-accordion\"><details><summary class=\"gb-accordion-title\">Vem ansvarar f\u00f6r att l\u00e4gga in patienterna?<\/summary><div class=\"gb-accordion-text\">\n<p>Det \u00e4r upp till dig! Pilloxa tillhandah\u00e5ller h\u00f6gkvalitativt digitalt material och utbildning s\u00e5 att du kan besluta enligt dina specifika behov.<\/p>\n<\/div><\/details><\/div>\n\n\n\n<div class=\"wp-block-genesis-blocks-gb-accordion gb-block-accordion\"><details><summary class=\"gb-accordion-title\">Vilka standarder och regler f\u00f6ljer ni?<\/summary><div class=\"gb-accordion-text\">\n<p>V\u00e4nligen se v\u00e5r sida om Standards &amp; Regulations (Standarder och regler).<\/p>\n<\/div><\/details><\/div>\n\n\n\n<div class=\"wp-block-genesis-blocks-gb-accordion gb-block-accordion\"><details><summary class=\"gb-accordion-title\">Kan jag ansluta smart h\u00e5rdvara, som en inhalator?<\/summary><div class=\"gb-accordion-text\">\n<p>Plattformen \u00e4r \u00f6ppen f\u00f6r smart h\u00e5rdvara som tillhandah\u00e5lls av andra tillverkare. Integrationsprocessen beror p\u00e5 m\u00e5nga parametrar (till exempel SDK, djup l\u00e4nk-API och backend-API) och diskuteras d\u00e4rf\u00f6r fall f\u00f6r fall. Kontakta oss s\u00e5 hj\u00e4lper vi dig.<\/p>\n<\/div><\/details><\/div>\n\n\n\n<div class=\"wp-block-genesis-blocks-gb-accordion gb-block-accordion\"><details><summary class=\"gb-accordion-title\">M\u00e5ste jag best\u00e4mma hur m\u00e5nga anv\u00e4ndare jag vill ha fr\u00e5n b\u00f6rjan?<\/summary><div class=\"gb-accordion-text\">\n<p>Varje m\u00e5nad kan du ange hur m\u00e5nga anv\u00e4ndare som kommer att ha tillg\u00e5ng till din app. Om du vill kan vi \u00e4ndra det dynamiskt s\u00e5 att du betalar endast f\u00f6r det du anv\u00e4nder.<\/p>\n<\/div><\/details><\/div>\n\n\n\n<div style=\"height:100px\" aria-hidden=\"true\" class=\"wp-block-spacer\"><\/div>\n","protected":false},"excerpt":{"rendered":"","protected":false},"author":1,"featured_media":0,"parent":0,"menu_order":0,"comment_status":"closed","ping_status":"closed","template":"page-inner.php","meta":{"inline_featured_image":false,"footnotes":""},"class_list":["post-284","page","type-page","status-publish","hentry"],"featured_image_src":null,"featured_image_src_square":null,"_links":{"self":[{"href":"https:\/\/pilloxa.com\/sv\/wp-json\/wp\/v2\/pages\/284","targetHints":{"allow":["GET"]}}],"collection":[{"href":"https:\/\/pilloxa.com\/sv\/wp-json\/wp\/v2\/pages"}],"about":[{"href":"https:\/\/pilloxa.com\/sv\/wp-json\/wp\/v2\/types\/page"}],"author":[{"embeddable":true,"href":"https:\/\/pilloxa.com\/sv\/wp-json\/wp\/v2\/users\/1"}],"replies":[{"embeddable":true,"href":"https:\/\/pilloxa.com\/sv\/wp-json\/wp\/v2\/comments?post=284"}],"version-history":[{"count":16,"href":"https:\/\/pilloxa.com\/sv\/wp-json\/wp\/v2\/pages\/284\/revisions"}],"predecessor-version":[{"id":448,"href":"https:\/\/pilloxa.com\/sv\/wp-json\/wp\/v2\/pages\/284\/revisions\/448"}],"wp:attachment":[{"href":"https:\/\/pilloxa.com\/sv\/wp-json\/wp\/v2\/media?parent=284"}],"curies":[{"name":"wp","href":"https:\/\/api.w.org\/{rel}","templated":true}]}}