{"id":290,"date":"2023-05-11T13:42:27","date_gmt":"2023-05-11T11:42:27","guid":{"rendered":"https:\/\/pilloxa.com\/?page_id=290"},"modified":"2023-09-28T17:08:31","modified_gmt":"2023-09-28T15:08:31","slug":"priser","status":"publish","type":"page","link":"https:\/\/pilloxa.com\/sv\/priser\/","title":{"rendered":"Priser"},"content":{"rendered":"<div class=\"hero \">\n\n\t<div class=\"jumbo\" style=\"background-image: url('https:\/\/pilloxa.com\/wp-content\/uploads\/img-header2-1.jpg')\">\n\n\t\t<div class=\"text-container\">\n\n\t\t\t<div class=\"maintext\">\n\n\t\t\t\t\n\n<h2 class=\"wp-block-heading\">S\u00e4kerst\u00e4ll patientv\u00e4rde<\/h2>\n\n\n\n<h4 class=\"wp-block-heading\">Med anv\u00e4ndarv\u00e4nligt patientprogram till rimlig budget<\/h4>\n\n\n\t\t\t<\/div>\n\n\t\t<\/div>\n\n\t<\/div>\n\n<\/div>\n\n\n\n<div class=\"wp-block-columns pt120 pb120 is-layout-flex wp-container-core-columns-is-layout-9d6595d7 wp-block-columns-is-layout-flex\">\n<div class=\"wp-block-column is-layout-flow wp-block-column-is-layout-flow\">\n<h2 class=\"wp-block-heading\">All funktionalitet f\u00f6r patienter \u00e4r alltid inkluderad.<\/h2>\n\n\n\n<p>Vi fick en id\u00e9 att skapa en ny typ av plattform f\u00f6r patientengagemang, en som ger v\u00e5ra kunder m\u00f6jlighet att vara s\u00e5 inriktade p\u00e5 patienten som m\u00f6jligt utan att det p\u00e5verkar deras projektbudget i h\u00f6g grad.<\/p>\n\n\n\n<p>All funktionalitet f\u00f6r patienter ing\u00e5r alltid. Vi arbetar kontinuerligt med att utveckla v\u00e5ra l\u00f6sningar baserat p\u00e5 \u00e5terkoppling fr\u00e5n patienter och kunder f\u00f6r att alltid leverera \u00f6kad v\u00e4rde. Genom att skapa din egen programapp etablerar du en l\u00e4nk till dina patienter f\u00f6r att erbjuda v\u00e4rde och samla in data. Bygg, m\u00e4t och l\u00e4r direkt i v\u00e5rt webbgr\u00e4nssnitt.<\/p>\n\n\n\n<p>P\u00e5 v\u00e5r plattform \u00e4r du innovat\u00f6ren. Iterera p\u00e5 v\u00e5r plattform s\u00e5 ofta du \u00f6nskar f\u00f6r att accelerera l\u00e4randet och bli den fr\u00e4msta experten p\u00e5 din unika patientpopulation.<\/p>\n\n\n\n<p>Standardiserad priss\u00e4ttning med fast avgift. Det inneb\u00e4r att du betalar f\u00f6r det du anv\u00e4nder och det finns inga dolda kostnader. Alla processer och dokumentation \u00e4r standardiserade och transparenta f\u00f6r snabbare interna processer.<\/p>\n<\/div>\n\n\n\n<div class=\"wp-block-column is-layout-flow wp-block-column-is-layout-flow\"><div class=\"wp-block-image\">\n<figure class=\"aligncenter size-large\"><img loading=\"lazy\" decoding=\"async\" width=\"1024\" height=\"983\" src=\"https:\/\/pilloxa.com\/wp-content\/uploads\/Pilloxa_hemsida-1024x983.png\" alt=\"\" class=\"wp-image-432\" srcset=\"https:\/\/pilloxa.com\/wp-content\/uploads\/Pilloxa_hemsida-1024x983.png 1024w, https:\/\/pilloxa.com\/wp-content\/uploads\/Pilloxa_hemsida-300x288.png 300w, https:\/\/pilloxa.com\/wp-content\/uploads\/Pilloxa_hemsida-768x737.png 768w, https:\/\/pilloxa.com\/wp-content\/uploads\/Pilloxa_hemsida-1536x1474.png 1536w, https:\/\/pilloxa.com\/wp-content\/uploads\/Pilloxa_hemsida-2048x1966.png 2048w\" sizes=\"auto, (max-width: 1024px) 100vw, 1024px\" \/><\/figure>\n<\/div><\/div>\n<\/div>\n\n\n\n<div class=\"wp-block-genesis-blocks-gb-container shade full pt120 pb120 gb-block-container\"><div class=\"gb-container-inside\"><div class=\"gb-container-content\">\n<h2 class=\"wp-block-heading has-text-align-center\">Transparent Priss\u00e4ttning<\/h2>\n\n\n\n<div class=\"wp-block-columns inner is-layout-flex wp-container-core-columns-is-layout-9d6595d7 wp-block-columns-is-layout-flex\">\n<div class=\"wp-block-column is-layout-flow wp-block-column-is-layout-flow\">\n<h3 class=\"wp-block-heading\">Core<\/h3>\n\n\n\n<h4 class=\"wp-block-heading\">B\u00f6rjar p\u00e5 \u20ac2500\/m\u00e5nad\/land<\/h4>\n\n\n\n<p>Inkluderar:<\/p>\n\n\n\n<ul class=\"wp-block-list\">\n<li>Tillg\u00e4nglig p\u00e5 Android och iOS med anpassad logotyp p\u00e5 appens huvudsk\u00e4rm<\/li>\n\n\n\n<li>Ett komplett anv\u00e4ndarengagemangsprogram f\u00f6r att dela information och samla in data \u2013 all funktionalitet f\u00f6r patienter ing\u00e5r alltid<\/li>\n\n\n\n<li>\u00d6kat anv\u00e4ndarv\u00e4rde \u00f6ver tid d\u00e5 funktioner l\u00e4ggs till och f\u00f6rb\u00e4ttras baserat p\u00e5 anv\u00e4ndarfeedback<\/li>\n\n\n\n<li>Digitalt utbildningsmaterial f\u00f6r kliniker och patienter<\/li>\n\n\n\n<li>Kontrollpanel med realtidsdata om antal appanv\u00e4ndare och genomsnittlig tillfredsst\u00e4llelsepunkt<\/li>\n\n\n\n<li>Standardavtal f\u00f6r juridisk och reglerande klarering<\/li>\n<\/ul>\n<\/div>\n\n\n\n<div class=\"wp-block-column is-layout-flow wp-block-column-is-layout-flow\">\n<h3 class=\"wp-block-heading\">Avancerat<\/h3>\n\n\n\n<h4 class=\"wp-block-heading\">B\u00f6rjar p\u00e5 \u20ac5000\/m\u00e5nad\/land<\/h4>\n\n\n\n<p>Allt i grundl\u00e4ggande plus:<\/p>\n\n\n\n<ul class=\"wp-block-list\">\n<li>Ut\u00f6kat varum\u00e4rkeskapital i applikationen med anpassat f\u00e4rgtema<\/li>\n\n\n\n<li>Full tillg\u00e5ng till den data som genereras av programmet<\/li>\n\n\n\n<li>Ut\u00f6kat dataanalysm\u00f6jligheter i kontrollpanelen med anpassade KPI:er som sp\u00e5ras automatiskt i realtid<\/li>\n\n\n\n<li>Skript f\u00f6r farmakovigilans\u00f6vervakning<\/li>\n\n\n\n<li>Dataexport<\/li>\n<\/ul>\n\n\n\n<p>Och mer&#8230; Anpassa och f\u00f6rb\u00e4ttra din plan med ytterligare funktioner, som v\u00e5r smarta pillerbox. Se alla funktioner nedan.<\/p>\n<\/div>\n<\/div>\n<\/div><\/div><\/div>\n\n\n\n<div class=\"wp-block-genesis-blocks-gb-container pt120 pb120 gb-block-container\"><div class=\"gb-container-inside\"><div class=\"gb-container-content\">\n<h2 class=\"wp-block-heading has-text-align-center\">Vad ing\u00e5r?<\/h2>\n\n\n\n<figure class=\"wp-block-table feature-table\"><table><thead><tr><th>Design och Implementering<\/th><th>Core<\/th><th>Avancerat<\/th><\/tr><\/thead><tbody><tr><td>Mobilapplikationsprogram tillg\u00e4ngligt p\u00e5 Android och iOS<\/td><td><em>x<\/em><\/td><td><em>x<\/em><\/td><\/tr><tr><td>Anpassa och uppdatera ditt program s\u00e5 ofta du vill<\/td><td><em>x<\/em><\/td><td><em>x<\/em><\/td><\/tr><tr><td>Tillg\u00e5ng till alla anv\u00e4ndarv\u00e4nda moduler<\/td><td><em>x<\/em><\/td><td><em>x<\/em><\/td><\/tr><tr><td>Tillg\u00e5ng till kommande moduler<\/td><td><em>x<\/em><\/td><td><em>x<\/em><\/td><\/tr><tr><td>Teknisk support under arbetstid<\/td><td><em>x<\/em><\/td><td><em>x<\/em><\/td><\/tr><\/tbody><\/table><\/figure>\n\n\n\n<figure class=\"wp-block-table feature-table\"><table><thead><tr><th>Varum\u00e4rke<\/th><th>Core<\/th><th>Avancerat<\/th><\/tr><\/thead><tbody><tr><td>Anpassad logotyp p\u00e5 appens huvudsk\u00e4rm<\/td><td><em>x<\/em><\/td><td><em>x<\/em><\/td><\/tr><tr><td>Anpassat f\u00e4rgschema i appen f\u00f6r att \u00e5terspegla ditt varum\u00e4rke<\/td><td><\/td><td><em>x<\/em><\/td><\/tr><\/tbody><\/table><\/figure>\n\n\n\n<figure class=\"wp-block-table feature-table\"><table><thead><tr><th>Implementering<\/th><th>Core<\/th><th>Avancerat<\/th><\/tr><\/thead><tbody><tr><td>Standardiserade juridiska avtal<\/td><td><em>x<\/em><\/td><td><em>x<\/em><\/td><\/tr><tr><td>Standardiserad datapolitik<\/td><td><em>x<\/em><\/td><td><em>x<\/em><\/td><\/tr><tr><td>Standardiserade anv\u00e4ndarvillkor<\/td><td><em>x<\/em><\/td><td><em>x<\/em><\/td><\/tr><tr><td>Tillg\u00e5ng till v\u00e5rt digitala utbildningsmaterial<\/td><td><em>x<\/em><\/td><td><em>x<\/em><\/td><\/tr><\/tbody><\/table><\/figure>\n\n\n\n<figure class=\"wp-block-table feature-table\"><table><thead><tr><th>\u00d6vervakning och Dataanalys<\/th><th>Core<\/th><th>Avancerat<\/th><\/tr><\/thead><tbody><tr><td>Realtidsdata om antal patienter och genomsnittlig tillfredsst\u00e4llelsepo\u00e4ng<\/td><td><em>x<\/em><\/td><td><em>x<\/em><\/td><\/tr><tr><td>Genomsnittlig l\u00e4kemedelsdata under den senaste m\u00e5naden<\/td><td><\/td><td><em>x<\/em><\/td><\/tr><tr><td>Undergruppsanalys av patientpopulationen<\/td><td><\/td><td><em>x<\/em><\/td><\/tr><tr><td>Skript f\u00f6r farmakovigilans\u00f6vervakning<\/td><td><\/td><td><em>x<\/em><\/td><\/tr><tr><td>Uppr\u00e4ttande och uppf\u00f6ljning av KPI:er<\/td><td><\/td><td><em>x<\/em><\/td><\/tr><tr><td>Dataexport<\/td><td><\/td><td><em>x<\/em><\/td><\/tr><\/tbody><\/table><\/figure>\n<\/div><\/div><\/div>\n","protected":false},"excerpt":{"rendered":"<p>All funktionalitet f\u00f6r patienter \u00e4r alltid inkluderad. Vi fick en id\u00e9 att skapa en ny typ av plattform f\u00f6r patientengagemang, en som ger v\u00e5ra kunder m\u00f6jlighet att vara s\u00e5 inriktade p\u00e5 patienten som m\u00f6jligt utan att det p\u00e5verkar deras projektbudget i h\u00f6g grad. All funktionalitet f\u00f6r patienter ing\u00e5r alltid. Vi arbetar kontinuerligt med att utveckla [&hellip;]<\/p>\n","protected":false},"author":1,"featured_media":0,"parent":0,"menu_order":0,"comment_status":"closed","ping_status":"closed","template":"page-inner.php","meta":{"inline_featured_image":false,"footnotes":""},"class_list":["post-290","page","type-page","status-publish","hentry"],"featured_image_src":null,"featured_image_src_square":null,"_links":{"self":[{"href":"https:\/\/pilloxa.com\/sv\/wp-json\/wp\/v2\/pages\/290","targetHints":{"allow":["GET"]}}],"collection":[{"href":"https:\/\/pilloxa.com\/sv\/wp-json\/wp\/v2\/pages"}],"about":[{"href":"https:\/\/pilloxa.com\/sv\/wp-json\/wp\/v2\/types\/page"}],"author":[{"embeddable":true,"href":"https:\/\/pilloxa.com\/sv\/wp-json\/wp\/v2\/users\/1"}],"replies":[{"embeddable":true,"href":"https:\/\/pilloxa.com\/sv\/wp-json\/wp\/v2\/comments?post=290"}],"version-history":[{"count":19,"href":"https:\/\/pilloxa.com\/sv\/wp-json\/wp\/v2\/pages\/290\/revisions"}],"predecessor-version":[{"id":460,"href":"https:\/\/pilloxa.com\/sv\/wp-json\/wp\/v2\/pages\/290\/revisions\/460"}],"wp:attachment":[{"href":"https:\/\/pilloxa.com\/sv\/wp-json\/wp\/v2\/media?parent=290"}],"curies":[{"name":"wp","href":"https:\/\/api.w.org\/{rel}","templated":true}]}}